{"id":32,"date":"2020-04-13T11:18:50","date_gmt":"2020-04-13T11:18:50","guid":{"rendered":"https:\/\/arquiventcreative.com\/services\/"},"modified":"2022-11-30T15:18:16","modified_gmt":"2022-11-30T15:18:16","slug":"projects","status":"publish","type":"page","link":"https:\/\/arquiventcreative.com\/es\/projects\/","title":{"rendered":"Proyectos"},"content":{"rendered":"<div data-elementor-type=\"wp-page\" data-elementor-id=\"32\" class=\"elementor elementor-32\">\n\t\t\t\t\t\t<section class=\"elementor-section elementor-top-section elementor-element elementor-element-1b0a5d33 elementor-section-boxed elementor-section-height-default elementor-section-height-default\" data-id=\"1b0a5d33\" data-element_type=\"section\" data-settings=\"{&quot;background_background&quot;:&quot;classic&quot;}\">\n\t\t\t\t\t\t\t<div class=\"elementor-background-overlay\"><\/div>\n\t\t\t\t\t\t\t<div class=\"elementor-container elementor-column-gap-default\">\n\t\t\t\t\t<div class=\"elementor-column elementor-col-100 elementor-top-column elementor-element elementor-element-1f841ba\" data-id=\"1f841ba\" data-element_type=\"column\">\n\t\t\t<div class=\"elementor-widget-wrap elementor-element-populated\">\n\t\t\t\t\t\t<div class=\"elementor-element elementor-element-365ba0bd elementor-widget elementor-widget-heading\" data-id=\"365ba0bd\" data-element_type=\"widget\" data-widget_type=\"heading.default\">\n\t\t\t\t<div class=\"elementor-widget-container\">\n\t\t\t\t\t<h1 class=\"elementor-heading-title elementor-size-default\">NUESTROS PROYECTOS<\/h1>\t\t\t\t<\/div>\n\t\t\t\t<\/div>\n\t\t\t\t\t<\/div>\n\t\t<\/div>\n\t\t\t\t\t<\/div>\n\t\t<\/section>\n\t\t\t\t<section class=\"elementor-section elementor-top-section elementor-element elementor-element-5a95573 elementor-section-boxed elementor-section-height-default elementor-section-height-default\" data-id=\"5a95573\" data-element_type=\"section\">\n\t\t\t\t\t\t<div class=\"elementor-container elementor-column-gap-default\">\n\t\t\t\t\t<div class=\"elementor-column elementor-col-20 elementor-top-column elementor-element elementor-element-2384faa\" data-id=\"2384faa\" data-element_type=\"column\">\n\t\t\t<div class=\"elementor-widget-wrap elementor-element-populated\">\n\t\t\t\t\t\t<div class=\"elementor-element elementor-element-0c998b3 elementor-position-top elementor-widget elementor-widget-image-box\" data-id=\"0c998b3\" data-element_type=\"widget\" data-widget_type=\"image-box.default\">\n\t\t\t\t<div class=\"elementor-widget-container\">\n\t\t\t\t\t<div class=\"elementor-image-box-wrapper\"><figure class=\"elementor-image-box-img\"><img fetchpriority=\"high\" decoding=\"async\" width=\"512\" height=\"512\" src=\"https:\/\/arquiventcreative.com\/wp-content\/uploads\/2022\/11\/garaje.png\" class=\"attachment-full size-full wp-image-979\" alt=\"\" srcset=\"https:\/\/arquiventcreative.com\/wp-content\/uploads\/2022\/11\/garaje.png 512w, https:\/\/arquiventcreative.com\/wp-content\/uploads\/2022\/11\/garaje-300x300.png 300w, https:\/\/arquiventcreative.com\/wp-content\/uploads\/2022\/11\/garaje-150x150.png 150w\" sizes=\"(max-width: 512px) 100vw, 512px\" \/><\/figure><div class=\"elementor-image-box-content\"><div class=\"elementor-image-box-title\">ADU<\/div><p class=\"elementor-image-box-description\">Unidades Accesorias<\/p><\/div><\/div>\t\t\t\t<\/div>\n\t\t\t\t<\/div>\n\t\t\t\t\t<\/div>\n\t\t<\/div>\n\t\t\t\t<div class=\"elementor-column elementor-col-20 elementor-top-column elementor-element elementor-element-76b643a\" data-id=\"76b643a\" data-element_type=\"column\">\n\t\t\t<div class=\"elementor-widget-wrap elementor-element-populated\">\n\t\t\t\t\t\t<div class=\"elementor-element elementor-element-e45815d elementor-position-top elementor-widget elementor-widget-image-box\" data-id=\"e45815d\" data-element_type=\"widget\" data-widget_type=\"image-box.default\">\n\t\t\t\t<div class=\"elementor-widget-container\">\n\t\t\t\t\t<div class=\"elementor-image-box-wrapper\"><figure class=\"elementor-image-box-img\"><img decoding=\"async\" width=\"512\" height=\"512\" src=\"https:\/\/arquiventcreative.com\/wp-content\/uploads\/2022\/11\/permiso.png\" class=\"attachment-full size-full wp-image-1077\" alt=\"\" srcset=\"https:\/\/arquiventcreative.com\/wp-content\/uploads\/2022\/11\/permiso.png 512w, https:\/\/arquiventcreative.com\/wp-content\/uploads\/2022\/11\/permiso-300x300.png 300w, https:\/\/arquiventcreative.com\/wp-content\/uploads\/2022\/11\/permiso-150x150.png 150w\" sizes=\"(max-width: 512px) 100vw, 512px\" \/><\/figure><div class=\"elementor-image-box-content\"><div class=\"elementor-image-box-title\">SB 9<\/div><p class=\"elementor-image-box-description\">Ley de Vivienda de California<\/p><\/div><\/div>\t\t\t\t<\/div>\n\t\t\t\t<\/div>\n\t\t\t\t\t<\/div>\n\t\t<\/div>\n\t\t\t\t<div class=\"elementor-column elementor-col-20 elementor-top-column elementor-element elementor-element-2be0360\" data-id=\"2be0360\" data-element_type=\"column\">\n\t\t\t<div class=\"elementor-widget-wrap elementor-element-populated\">\n\t\t\t\t\t\t<div class=\"elementor-element elementor-element-3e3f248 elementor-position-top elementor-widget elementor-widget-image-box\" data-id=\"3e3f248\" data-element_type=\"widget\" data-widget_type=\"image-box.default\">\n\t\t\t\t<div class=\"elementor-widget-container\">\n\t\t\t\t\t<div class=\"elementor-image-box-wrapper\"><figure class=\"elementor-image-box-img\"><img decoding=\"async\" width=\"512\" height=\"512\" src=\"https:\/\/arquiventcreative.com\/wp-content\/uploads\/2022\/11\/sala.png\" class=\"attachment-full size-full wp-image-981\" alt=\"\" srcset=\"https:\/\/arquiventcreative.com\/wp-content\/uploads\/2022\/11\/sala.png 512w, https:\/\/arquiventcreative.com\/wp-content\/uploads\/2022\/11\/sala-300x300.png 300w, https:\/\/arquiventcreative.com\/wp-content\/uploads\/2022\/11\/sala-150x150.png 150w\" sizes=\"(max-width: 512px) 100vw, 512px\" \/><\/figure><div class=\"elementor-image-box-content\"><div class=\"elementor-image-box-title\">Dise\u00f1o de Interiores<\/div><\/div><\/div>\t\t\t\t<\/div>\n\t\t\t\t<\/div>\n\t\t\t\t\t<\/div>\n\t\t<\/div>\n\t\t\t\t<div class=\"elementor-column elementor-col-20 elementor-top-column elementor-element elementor-element-3ada2cc\" data-id=\"3ada2cc\" data-element_type=\"column\">\n\t\t\t<div class=\"elementor-widget-wrap elementor-element-populated\">\n\t\t\t\t\t\t<div class=\"elementor-element elementor-element-8f2474d elementor-position-top elementor-widget elementor-widget-image-box\" data-id=\"8f2474d\" data-element_type=\"widget\" data-widget_type=\"image-box.default\">\n\t\t\t\t<div class=\"elementor-widget-container\">\n\t\t\t\t\t<div class=\"elementor-image-box-wrapper\"><figure class=\"elementor-image-box-img\"><img loading=\"lazy\" decoding=\"async\" width=\"512\" height=\"512\" src=\"https:\/\/arquiventcreative.com\/wp-content\/uploads\/2022\/11\/casa.png\" class=\"attachment-full size-full wp-image-978\" alt=\"\" srcset=\"https:\/\/arquiventcreative.com\/wp-content\/uploads\/2022\/11\/casa.png 512w, https:\/\/arquiventcreative.com\/wp-content\/uploads\/2022\/11\/casa-300x300.png 300w, https:\/\/arquiventcreative.com\/wp-content\/uploads\/2022\/11\/casa-150x150.png 150w\" sizes=\"(max-width: 512px) 100vw, 512px\" \/><\/figure><div class=\"elementor-image-box-content\"><div class=\"elementor-image-box-title\">Dise\u00f1o Exterior<\/div><\/div><\/div>\t\t\t\t<\/div>\n\t\t\t\t<\/div>\n\t\t\t\t\t<\/div>\n\t\t<\/div>\n\t\t\t\t<div class=\"elementor-column elementor-col-20 elementor-top-column elementor-element elementor-element-41504e6\" data-id=\"41504e6\" data-element_type=\"column\">\n\t\t\t<div class=\"elementor-widget-wrap elementor-element-populated\">\n\t\t\t\t\t\t<div class=\"elementor-element elementor-element-da2448f elementor-position-top elementor-widget elementor-widget-image-box\" data-id=\"da2448f\" data-element_type=\"widget\" data-widget_type=\"image-box.default\">\n\t\t\t\t<div class=\"elementor-widget-container\">\n\t\t\t\t\t<div class=\"elementor-image-box-wrapper\"><figure class=\"elementor-image-box-img\"><img loading=\"lazy\" decoding=\"async\" width=\"512\" height=\"512\" src=\"https:\/\/arquiventcreative.com\/wp-content\/uploads\/2022\/11\/modelo-3d.png\" class=\"attachment-full size-full wp-image-980\" alt=\"\" srcset=\"https:\/\/arquiventcreative.com\/wp-content\/uploads\/2022\/11\/modelo-3d.png 512w, https:\/\/arquiventcreative.com\/wp-content\/uploads\/2022\/11\/modelo-3d-300x300.png 300w, https:\/\/arquiventcreative.com\/wp-content\/uploads\/2022\/11\/modelo-3d-150x150.png 150w\" sizes=\"(max-width: 512px) 100vw, 512px\" \/><\/figure><div class=\"elementor-image-box-content\"><div class=\"elementor-image-box-title\">3D \/ Render <\/div><\/div><\/div>\t\t\t\t<\/div>\n\t\t\t\t<\/div>\n\t\t\t\t\t<\/div>\n\t\t<\/div>\n\t\t\t\t\t<\/div>\n\t\t<\/section>\n\t\t\t\t<section class=\"elementor-section elementor-top-section elementor-element elementor-element-cd8456e elementor-section-boxed elementor-section-height-default elementor-section-height-default\" data-id=\"cd8456e\" data-element_type=\"section\">\n\t\t\t\t\t\t<div class=\"elementor-container elementor-column-gap-default\">\n\t\t\t\t\t<div class=\"elementor-column elementor-col-100 elementor-top-column elementor-element elementor-element-d297198\" data-id=\"d297198\" data-element_type=\"column\">\n\t\t\t<div class=\"elementor-widget-wrap elementor-element-populated\">\n\t\t\t\t\t\t<section class=\"elementor-section elementor-inner-section elementor-element elementor-element-8087e0f elementor-section-boxed elementor-section-height-default elementor-section-height-default\" data-id=\"8087e0f\" data-element_type=\"section\">\n\t\t\t\t\t\t<div class=\"elementor-container elementor-column-gap-default\">\n\t\t\t\t\t<div class=\"elementor-column elementor-col-50 elementor-inner-column elementor-element elementor-element-9152db6\" data-id=\"9152db6\" data-element_type=\"column\" data-settings=\"{&quot;background_background&quot;:&quot;classic&quot;}\">\n\t\t\t<div class=\"elementor-widget-wrap elementor-element-populated\">\n\t\t\t\t\t\t<div class=\"elementor-element elementor-element-58797f4 elementor-position-top elementor-widget elementor-widget-image-box\" data-id=\"58797f4\" data-element_type=\"widget\" data-widget_type=\"image-box.default\">\n\t\t\t\t<div class=\"elementor-widget-container\">\n\t\t\t\t\t<div class=\"elementor-image-box-wrapper\"><figure class=\"elementor-image-box-img\"><img loading=\"lazy\" decoding=\"async\" width=\"600\" height=\"449\" src=\"https:\/\/arquiventcreative.com\/wp-content\/uploads\/2022\/11\/Planos.jpg\" class=\"attachment-full size-full wp-image-968\" alt=\"\" srcset=\"https:\/\/arquiventcreative.com\/wp-content\/uploads\/2022\/11\/Planos.jpg 600w, https:\/\/arquiventcreative.com\/wp-content\/uploads\/2022\/11\/Planos-300x225.jpg 300w\" sizes=\"(max-width: 600px) 100vw, 600px\" \/><\/figure><div class=\"elementor-image-box-content\"><div class=\"elementor-image-box-title\">DISE\u00d1O Y PLANOS ARQUITECT\u00d3NICOS.<\/div><p class=\"elementor-image-box-description\">Nos encargamos de la elaboraci\u00f3n del dise\u00f1o y todos los planos necesarios para el desarrollo y materializaci\u00f3n de tus ideas y proyectos; De la mano de un excelente equipo profesional de arquitectura e ingenier\u00eda.<\/p><\/div><\/div>\t\t\t\t<\/div>\n\t\t\t\t<\/div>\n\t\t\t\t\t<\/div>\n\t\t<\/div>\n\t\t\t\t<div class=\"elementor-column elementor-col-50 elementor-inner-column elementor-element elementor-element-f566ad9\" data-id=\"f566ad9\" data-element_type=\"column\" data-settings=\"{&quot;background_background&quot;:&quot;classic&quot;}\">\n\t\t\t<div class=\"elementor-widget-wrap elementor-element-populated\">\n\t\t\t\t\t\t<div class=\"elementor-element elementor-element-fce663b elementor-position-top elementor-widget elementor-widget-image-box\" data-id=\"fce663b\" data-element_type=\"widget\" data-widget_type=\"image-box.default\">\n\t\t\t\t<div class=\"elementor-widget-container\">\n\t\t\t\t\t<div class=\"elementor-image-box-wrapper\"><figure class=\"elementor-image-box-img\"><img loading=\"lazy\" decoding=\"async\" width=\"600\" height=\"449\" src=\"https:\/\/arquiventcreative.com\/wp-content\/uploads\/2022\/11\/Permisology.jpg\" class=\"attachment-full size-full wp-image-967\" alt=\"\" srcset=\"https:\/\/arquiventcreative.com\/wp-content\/uploads\/2022\/11\/Permisology.jpg 600w, https:\/\/arquiventcreative.com\/wp-content\/uploads\/2022\/11\/Permisology-300x225.jpg 300w\" sizes=\"(max-width: 600px) 100vw, 600px\" \/><\/figure><div class=\"elementor-image-box-content\"><div class=\"elementor-image-box-title\">SERVICIOS DE GESTI\u00d3N DE PERMISOS<\/div><p class=\"elementor-image-box-description\">Investigamos diligentemente y manejamos todo el papeleo necesario y requerido, por agencia y jurisdicci\u00f3n; sin descuidar el buen y confiable proceso, y consultando para obtener la plena aprobaci\u00f3n.<\/p><\/div><\/div>\t\t\t\t<\/div>\n\t\t\t\t<\/div>\n\t\t\t\t\t<\/div>\n\t\t<\/div>\n\t\t\t\t\t<\/div>\n\t\t<\/section>\n\t\t\t\t<section class=\"elementor-section elementor-inner-section elementor-element elementor-element-8300928 elementor-section-boxed elementor-section-height-default elementor-section-height-default\" data-id=\"8300928\" data-element_type=\"section\">\n\t\t\t\t\t\t<div class=\"elementor-container elementor-column-gap-default\">\n\t\t\t\t\t<div class=\"elementor-column elementor-col-33 elementor-inner-column elementor-element elementor-element-85f7901\" data-id=\"85f7901\" data-element_type=\"column\">\n\t\t\t<div class=\"elementor-widget-wrap\">\n\t\t\t\t\t\t\t<\/div>\n\t\t<\/div>\n\t\t\t\t<div class=\"elementor-column elementor-col-33 elementor-inner-column elementor-element elementor-element-3fd4846\" data-id=\"3fd4846\" data-element_type=\"column\" data-settings=\"{&quot;background_background&quot;:&quot;classic&quot;}\">\n\t\t\t<div class=\"elementor-widget-wrap elementor-element-populated\">\n\t\t\t\t\t\t<div class=\"elementor-element elementor-element-5926b1c elementor-position-top elementor-widget elementor-widget-image-box\" data-id=\"5926b1c\" data-element_type=\"widget\" data-widget_type=\"image-box.default\">\n\t\t\t\t<div class=\"elementor-widget-container\">\n\t\t\t\t\t<div class=\"elementor-image-box-wrapper\"><figure class=\"elementor-image-box-img\"><img loading=\"lazy\" decoding=\"async\" width=\"600\" height=\"449\" src=\"https:\/\/arquiventcreative.com\/wp-content\/uploads\/2022\/11\/04.jpg\" class=\"attachment-full size-full wp-image-1091\" alt=\"\" srcset=\"https:\/\/arquiventcreative.com\/wp-content\/uploads\/2022\/11\/04.jpg 600w, https:\/\/arquiventcreative.com\/wp-content\/uploads\/2022\/11\/04-300x225.jpg 300w\" sizes=\"(max-width: 600px) 100vw, 600px\" \/><\/figure><div class=\"elementor-image-box-content\"><div class=\"elementor-image-box-title\">3D Y RENDERIZADO<\/div><p class=\"elementor-image-box-description\">Creamos im\u00e1genes bidimensionales y tridimensionales de una propuesta de dise\u00f1o arquitect\u00f3nico. Nuestro objetivo es ilustrar una experiencia realista de c\u00f3mo se ver\u00e1 un espacio o edificio antes de que se construya, representando con precisi\u00f3n la intenci\u00f3n del dise\u00f1o.<\/p><\/div><\/div>\t\t\t\t<\/div>\n\t\t\t\t<\/div>\n\t\t\t\t\t<\/div>\n\t\t<\/div>\n\t\t\t\t<div class=\"elementor-column elementor-col-33 elementor-inner-column elementor-element elementor-element-8a88912\" data-id=\"8a88912\" data-element_type=\"column\">\n\t\t\t<div class=\"elementor-widget-wrap\">\n\t\t\t\t\t\t\t<\/div>\n\t\t<\/div>\n\t\t\t\t\t<\/div>\n\t\t<\/section>\n\t\t\t\t<section class=\"elementor-section elementor-inner-section elementor-element elementor-element-be1e835 elementor-section-boxed elementor-section-height-default elementor-section-height-default\" data-id=\"be1e835\" data-element_type=\"section\">\n\t\t\t\t\t\t<div class=\"elementor-container elementor-column-gap-default\">\n\t\t\t\t\t<div class=\"elementor-column elementor-col-50 elementor-inner-column elementor-element elementor-element-d25149d\" data-id=\"d25149d\" data-element_type=\"column\" data-settings=\"{&quot;background_background&quot;:&quot;classic&quot;}\">\n\t\t\t<div class=\"elementor-widget-wrap elementor-element-populated\">\n\t\t\t\t\t\t<div class=\"elementor-element elementor-element-b064d1b elementor-position-top elementor-widget elementor-widget-image-box\" data-id=\"b064d1b\" data-element_type=\"widget\" data-widget_type=\"image-box.default\">\n\t\t\t\t<div class=\"elementor-widget-container\">\n\t\t\t\t\t<div class=\"elementor-image-box-wrapper\"><figure class=\"elementor-image-box-img\"><img loading=\"lazy\" decoding=\"async\" width=\"600\" height=\"449\" src=\"https:\/\/arquiventcreative.com\/wp-content\/uploads\/2022\/11\/02.jpg\" class=\"attachment-full size-full wp-image-1089\" alt=\"\" srcset=\"https:\/\/arquiventcreative.com\/wp-content\/uploads\/2022\/11\/02.jpg 600w, https:\/\/arquiventcreative.com\/wp-content\/uploads\/2022\/11\/02-300x225.jpg 300w\" sizes=\"(max-width: 600px) 100vw, 600px\" \/><\/figure><div class=\"elementor-image-box-content\"><div class=\"elementor-image-box-title\">DISE\u00d1O DE INTERIORES<\/div><p class=\"elementor-image-box-description\">En cualquier edificio es importante tener una buena distribuci\u00f3n interior, y los deseos de los clientes son nuestra m\u00e1xima prioridad. Por ello nos encargamos de darles soluciones \u00fanicas e innovadoras que aporten un perfecto equilibrio entre funcionalidad y est\u00e9tica, creando ambientes con espacios c\u00e1lidos y confortables, consiguiendo transformar toda la informaci\u00f3n que nos transmiten en un proyecto de ideas tangibles y sugerentes. .<\/p><\/div><\/div>\t\t\t\t<\/div>\n\t\t\t\t<\/div>\n\t\t\t\t\t<\/div>\n\t\t<\/div>\n\t\t\t\t<div class=\"elementor-column elementor-col-50 elementor-inner-column elementor-element elementor-element-c5dcdf4\" data-id=\"c5dcdf4\" data-element_type=\"column\" data-settings=\"{&quot;background_background&quot;:&quot;classic&quot;}\">\n\t\t\t<div class=\"elementor-widget-wrap elementor-element-populated\">\n\t\t\t\t\t\t<div class=\"elementor-element elementor-element-4dce327 elementor-position-top elementor-widget elementor-widget-image-box\" data-id=\"4dce327\" data-element_type=\"widget\" data-widget_type=\"image-box.default\">\n\t\t\t\t<div class=\"elementor-widget-container\">\n\t\t\t\t\t<div class=\"elementor-image-box-wrapper\"><figure class=\"elementor-image-box-img\"><img loading=\"lazy\" decoding=\"async\" width=\"600\" height=\"449\" src=\"https:\/\/arquiventcreative.com\/wp-content\/uploads\/2022\/11\/03.jpg\" class=\"attachment-full size-full wp-image-1090\" alt=\"\" srcset=\"https:\/\/arquiventcreative.com\/wp-content\/uploads\/2022\/11\/03.jpg 600w, https:\/\/arquiventcreative.com\/wp-content\/uploads\/2022\/11\/03-300x225.jpg 300w\" sizes=\"(max-width: 600px) 100vw, 600px\" \/><\/figure><div class=\"elementor-image-box-content\"><div class=\"elementor-image-box-title\">DISE\u00d1O EXTERIOR<\/div><p class=\"elementor-image-box-description\">Ayudamos a nuestros clientes a potenciar el espacio exterior y generar ideas llenas de creatividad enfocadas a sus necesidades, obteniendo una nueva estancia donde se sientan c\u00f3modos y con bienestar. Creamos dise\u00f1os exteriores integrales, desde peque\u00f1os patios hasta grandes \u00e1reas exteriores y piscinas.<\/p><\/div><\/div>\t\t\t\t<\/div>\n\t\t\t\t<\/div>\n\t\t\t\t\t<\/div>\n\t\t<\/div>\n\t\t\t\t\t<\/div>\n\t\t<\/section>\n\t\t\t\t\t<\/div>\n\t\t<\/div>\n\t\t\t\t\t<\/div>\n\t\t<\/section>\n\t\t\t\t<\/div>","protected":false},"excerpt":{"rendered":"<p>OUR PROJECTS ADU Accessory Dwelling Units SB 9 California Housing Act Interior Design Exterior Design 3D \/ Render DESIGN AND ARCHITECTURAL PLANS We take care of the elaboration of the design and all the plans necessary for the development and materialization of your ideas and projects; Hand in hand with an excellent professional architecture and &hellip;<\/p>\n<p class=\"read-more\"> <a class=\"\" href=\"https:\/\/arquiventcreative.com\/es\/projects\/\"> <span class=\"screen-reader-text\">Proyectos<\/span> Leer m\u00e1s &raquo;<\/a><\/p>","protected":false},"author":1,"featured_media":0,"parent":0,"menu_order":0,"comment_status":"closed","ping_status":"closed","template":"","meta":{"site-sidebar-layout":"no-sidebar","site-content-layout":"page-builder","ast-global-header-display":"","ast-main-header-display":"","ast-hfb-above-header-display":"","ast-hfb-below-header-display":"","ast-hfb-mobile-header-display":"","site-post-title":"disabled","ast-breadcrumbs-content":"","ast-featured-img":"","footer-sml-layout":"","theme-transparent-header-meta":"enabled","adv-header-id-meta":"","stick-header-meta":"","header-above-stick-meta":"","header-main-stick-meta":"","header-below-stick-meta":"","footnotes":""},"class_list":["post-32","page","type-page","status-publish","hentry"],"aioseo_notices":[],"jetpack_sharing_enabled":true,"_links":{"self":[{"href":"https:\/\/arquiventcreative.com\/es\/wp-json\/wp\/v2\/pages\/32","targetHints":{"allow":["GET"]}}],"collection":[{"href":"https:\/\/arquiventcreative.com\/es\/wp-json\/wp\/v2\/pages"}],"about":[{"href":"https:\/\/arquiventcreative.com\/es\/wp-json\/wp\/v2\/types\/page"}],"author":[{"embeddable":true,"href":"https:\/\/arquiventcreative.com\/es\/wp-json\/wp\/v2\/users\/1"}],"replies":[{"embeddable":true,"href":"https:\/\/arquiventcreative.com\/es\/wp-json\/wp\/v2\/comments?post=32"}],"version-history":[{"count":68,"href":"https:\/\/arquiventcreative.com\/es\/wp-json\/wp\/v2\/pages\/32\/revisions"}],"predecessor-version":[{"id":1100,"href":"https:\/\/arquiventcreative.com\/es\/wp-json\/wp\/v2\/pages\/32\/revisions\/1100"}],"wp:attachment":[{"href":"https:\/\/arquiventcreative.com\/es\/wp-json\/wp\/v2\/media?parent=32"}],"curies":[{"name":"wp","href":"https:\/\/api.w.org\/{rel}","templated":true}]}}