{"id":31,"date":"2020-04-13T11:18:52","date_gmt":"2020-04-13T11:18:52","guid":{"rendered":"https:\/\/arquiventcreative.com\/about\/"},"modified":"2022-12-08T00:50:40","modified_gmt":"2022-12-08T00:50:40","slug":"about-services","status":"publish","type":"page","link":"https:\/\/arquiventcreative.com\/es\/about-services\/","title":{"rendered":"Nuestros Servicios"},"content":{"rendered":"<div data-elementor-type=\"wp-page\" data-elementor-id=\"31\" class=\"elementor elementor-31\">\n\t\t\t\t\t\t<section class=\"elementor-section elementor-top-section elementor-element elementor-element-5131a13e elementor-section-boxed elementor-section-height-default elementor-section-height-default\" data-id=\"5131a13e\" data-element_type=\"section\" data-settings=\"{&quot;background_background&quot;:&quot;classic&quot;}\">\n\t\t\t\t\t\t\t<div class=\"elementor-background-overlay\"><\/div>\n\t\t\t\t\t\t\t<div class=\"elementor-container elementor-column-gap-default\">\n\t\t\t\t\t<div class=\"elementor-column elementor-col-100 elementor-top-column elementor-element elementor-element-1053ca7a\" data-id=\"1053ca7a\" data-element_type=\"column\">\n\t\t\t<div class=\"elementor-widget-wrap elementor-element-populated\">\n\t\t\t\t\t\t<div class=\"elementor-element elementor-element-3d99e122 elementor-widget elementor-widget-heading\" data-id=\"3d99e122\" data-element_type=\"widget\" data-widget_type=\"heading.default\">\n\t\t\t\t<div class=\"elementor-widget-container\">\n\t\t\t\t\t<h1 class=\"elementor-heading-title elementor-size-default\">NUESTROS SERVICIOS<\/h1>\t\t\t\t<\/div>\n\t\t\t\t<\/div>\n\t\t\t\t\t<\/div>\n\t\t<\/div>\n\t\t\t\t\t<\/div>\n\t\t<\/section>\n\t\t\t\t<section class=\"elementor-section elementor-top-section elementor-element elementor-element-ed09a6c elementor-section-boxed elementor-section-height-default elementor-section-height-default\" data-id=\"ed09a6c\" data-element_type=\"section\">\n\t\t\t\t\t\t<div class=\"elementor-container elementor-column-gap-default\">\n\t\t\t\t\t<div class=\"elementor-column elementor-col-100 elementor-top-column elementor-element elementor-element-b3b7502\" data-id=\"b3b7502\" data-element_type=\"column\">\n\t\t\t<div class=\"elementor-widget-wrap elementor-element-populated\">\n\t\t\t\t\t\t<div class=\"elementor-element elementor-element-bc6fb82 elementor-widget elementor-widget-heading\" data-id=\"bc6fb82\" data-element_type=\"widget\" data-widget_type=\"heading.default\">\n\t\t\t\t<div class=\"elementor-widget-container\">\n\t\t\t\t\t<h1 class=\"elementor-heading-title elementor-size-default\">Bienvenido a<br> Arquivent Creativo<\/h1>\t\t\t\t<\/div>\n\t\t\t\t<\/div>\n\t\t\t\t<div class=\"elementor-element elementor-element-a69f4c1 elementor-widget elementor-widget-text-editor\" data-id=\"a69f4c1\" data-element_type=\"widget\" data-widget_type=\"text-editor.default\">\n\t\t\t\t<div class=\"elementor-widget-container\">\n\t\t\t\t\t\t\t\t\t<p>Somos un equipo de profesionales de la arquitectura y la ingenier\u00eda cuyo objetivo es proporcionar a nuestros clientes el asesoramiento y la ayuda m\u00e1s adecuados y pr\u00e1cticos, aportando las mejores soluciones que se adapten a las necesidades particulares de cada uno; realizando cada proyecto de manera integral, desde el nacimiento de la idea hasta la ejecuci\u00f3n o materializaci\u00f3n de la misma.<\/p>\t\t\t\t\t\t\t\t<\/div>\n\t\t\t\t<\/div>\n\t\t\t\t\t<\/div>\n\t\t<\/div>\n\t\t\t\t\t<\/div>\n\t\t<\/section>\n\t\t\t\t<section class=\"elementor-section elementor-top-section elementor-element elementor-element-b2a56aa elementor-section-boxed elementor-section-height-default elementor-section-height-default\" data-id=\"b2a56aa\" data-element_type=\"section\">\n\t\t\t\t\t\t<div class=\"elementor-container elementor-column-gap-default\">\n\t\t\t\t\t<div class=\"elementor-column elementor-col-50 elementor-top-column elementor-element elementor-element-bcbfffb\" data-id=\"bcbfffb\" data-element_type=\"column\">\n\t\t\t<div class=\"elementor-widget-wrap elementor-element-populated\">\n\t\t\t\t\t\t<div class=\"elementor-element elementor-element-374a96f elementor-widget elementor-widget-heading\" data-id=\"374a96f\" data-element_type=\"widget\" data-widget_type=\"heading.default\">\n\t\t\t\t<div class=\"elementor-widget-container\">\n\t\t\t\t\t<div class=\"elementor-heading-title elementor-size-default\">Misi\u00f3n<\/div>\t\t\t\t<\/div>\n\t\t\t\t<\/div>\n\t\t\t\t<div class=\"elementor-element elementor-element-a160645 elementor-widget elementor-widget-text-editor\" data-id=\"a160645\" data-element_type=\"widget\" data-widget_type=\"text-editor.default\">\n\t\t\t\t<div class=\"elementor-widget-container\">\n\t\t\t\t\t\t\t\t\t<p>Brindar soluciones integrales de ingenier\u00eda y arquitectura, adaptando nuestro equipo multidisciplinario a las necesidades de nuestros clientes, logrando un impacto positivo en su calidad de vida y en su d\u00eda a d\u00eda.<\/p>\t\t\t\t\t\t\t\t<\/div>\n\t\t\t\t<\/div>\n\t\t\t\t\t<\/div>\n\t\t<\/div>\n\t\t\t\t<div class=\"elementor-column elementor-col-50 elementor-top-column elementor-element elementor-element-befcb45\" data-id=\"befcb45\" data-element_type=\"column\">\n\t\t\t<div class=\"elementor-widget-wrap elementor-element-populated\">\n\t\t\t\t\t\t<div class=\"elementor-element elementor-element-04df054 elementor-widget elementor-widget-heading\" data-id=\"04df054\" data-element_type=\"widget\" data-widget_type=\"heading.default\">\n\t\t\t\t<div class=\"elementor-widget-container\">\n\t\t\t\t\t<div class=\"elementor-heading-title elementor-size-default\">Visi\u00f3n<\/div>\t\t\t\t<\/div>\n\t\t\t\t<\/div>\n\t\t\t\t<div class=\"elementor-element elementor-element-fc41868 elementor-widget elementor-widget-text-editor\" data-id=\"fc41868\" data-element_type=\"widget\" data-widget_type=\"text-editor.default\">\n\t\t\t\t<div class=\"elementor-widget-container\">\n\t\t\t\t\t\t\t\t\t<p>Consolidar nuestra empresa como referente nacional e internacional en el campo del dise\u00f1o y la construcci\u00f3n, as\u00ed como en todas nuestras especializaciones, ofreciendo un alto nivel de compromiso y responsabilidad, basados en altos est\u00e1ndares de calidad y seguridad, utilizando las tecnolog\u00edas de dise\u00f1o m\u00e1s avanzadas. a nuestro alcance.<\/p>\t\t\t\t\t\t\t\t<\/div>\n\t\t\t\t<\/div>\n\t\t\t\t\t<\/div>\n\t\t<\/div>\n\t\t\t\t\t<\/div>\n\t\t<\/section>\n\t\t\t\t<section class=\"elementor-section elementor-top-section elementor-element elementor-element-b62faa5 elementor-section-boxed elementor-section-height-default elementor-section-height-default\" data-id=\"b62faa5\" data-element_type=\"section\" data-settings=\"{&quot;background_background&quot;:&quot;classic&quot;}\">\n\t\t\t\t\t\t<div class=\"elementor-container elementor-column-gap-default\">\n\t\t\t\t\t<div class=\"elementor-column elementor-col-33 elementor-top-column elementor-element elementor-element-aeae673\" data-id=\"aeae673\" data-element_type=\"column\">\n\t\t\t<div class=\"elementor-widget-wrap elementor-element-populated\">\n\t\t\t\t\t\t<div class=\"elementor-element elementor-element-f5b6775 elementor-position-top elementor-widget elementor-widget-image-box\" data-id=\"f5b6775\" data-element_type=\"widget\" data-widget_type=\"image-box.default\">\n\t\t\t\t<div class=\"elementor-widget-container\">\n\t\t\t\t\t<div class=\"elementor-image-box-wrapper\"><figure class=\"elementor-image-box-img\"><img fetchpriority=\"high\" decoding=\"async\" width=\"600\" height=\"449\" src=\"https:\/\/arquiventcreative.com\/wp-content\/uploads\/2022\/11\/Planos.jpg\" class=\"attachment-full size-full wp-image-968\" alt=\"\" srcset=\"https:\/\/arquiventcreative.com\/wp-content\/uploads\/2022\/11\/Planos.jpg 600w, https:\/\/arquiventcreative.com\/wp-content\/uploads\/2022\/11\/Planos-300x225.jpg 300w\" sizes=\"(max-width: 600px) 100vw, 600px\" \/><\/figure><div class=\"elementor-image-box-content\"><div class=\"elementor-image-box-title\">SERVICIOS DE DISE\u00d1O Y DIBUJO<\/div><p class=\"elementor-image-box-description\">Brindamos servicios asequibles de dise\u00f1o y dibujo. Contamos con un excelente equipo profesional de Arquitectura e Ingenier\u00eda quienes se encargan de desarrollar y materializar todas las ideas y proyectos de nuestros clientes.<\/p><\/div><\/div>\t\t\t\t<\/div>\n\t\t\t\t<\/div>\n\t\t\t\t\t<\/div>\n\t\t<\/div>\n\t\t\t\t<div class=\"elementor-column elementor-col-33 elementor-top-column elementor-element elementor-element-3dd74f8\" data-id=\"3dd74f8\" data-element_type=\"column\">\n\t\t\t<div class=\"elementor-widget-wrap elementor-element-populated\">\n\t\t\t\t\t\t<div class=\"elementor-element elementor-element-5d5d48f elementor-position-top elementor-widget elementor-widget-image-box\" data-id=\"5d5d48f\" data-element_type=\"widget\" data-widget_type=\"image-box.default\">\n\t\t\t\t<div class=\"elementor-widget-container\">\n\t\t\t\t\t<div class=\"elementor-image-box-wrapper\"><figure class=\"elementor-image-box-img\"><img decoding=\"async\" width=\"600\" height=\"449\" src=\"https:\/\/arquiventcreative.com\/wp-content\/uploads\/2022\/11\/Permisology.jpg\" class=\"attachment-full size-full wp-image-967\" alt=\"\" srcset=\"https:\/\/arquiventcreative.com\/wp-content\/uploads\/2022\/11\/Permisology.jpg 600w, https:\/\/arquiventcreative.com\/wp-content\/uploads\/2022\/11\/Permisology-300x225.jpg 300w\" sizes=\"(max-width: 600px) 100vw, 600px\" \/><\/figure><div class=\"elementor-image-box-content\"><div class=\"elementor-image-box-title\">SERVICIOS DE GESTI\u00d3N DE PERMISOS<\/div><p class=\"elementor-image-box-description\">Realizamos una investigaci\u00f3n diligente y tramitamos todos los documentos y planos necesarios y requeridos, por cada dependencia y jurisdicci\u00f3n; sin descuidar el buen y confiable proceso, y consultando para obtener la plena aprobaci\u00f3n.<\/p><\/div><\/div>\t\t\t\t<\/div>\n\t\t\t\t<\/div>\n\t\t\t\t\t<\/div>\n\t\t<\/div>\n\t\t\t\t<div class=\"elementor-column elementor-col-33 elementor-top-column elementor-element elementor-element-7cf2e7e\" data-id=\"7cf2e7e\" data-element_type=\"column\">\n\t\t\t<div class=\"elementor-widget-wrap elementor-element-populated\">\n\t\t\t\t\t\t<div class=\"elementor-element elementor-element-b940208 elementor-position-top elementor-widget elementor-widget-image-box\" data-id=\"b940208\" data-element_type=\"widget\" data-widget_type=\"image-box.default\">\n\t\t\t\t<div class=\"elementor-widget-container\">\n\t\t\t\t\t<div class=\"elementor-image-box-wrapper\"><figure class=\"elementor-image-box-img\"><img decoding=\"async\" width=\"600\" height=\"449\" src=\"https:\/\/arquiventcreative.com\/wp-content\/uploads\/2022\/11\/Render.jpg\" class=\"attachment-full size-full wp-image-969\" alt=\"\" srcset=\"https:\/\/arquiventcreative.com\/wp-content\/uploads\/2022\/11\/Render.jpg 600w, https:\/\/arquiventcreative.com\/wp-content\/uploads\/2022\/11\/Render-300x225.jpg 300w\" sizes=\"(max-width: 600px) 100vw, 600px\" \/><\/figure><div class=\"elementor-image-box-content\"><div class=\"elementor-image-box-title\">3D Y RENDERIZADOS<\/div><p class=\"elementor-image-box-description\">Creamos im\u00e1genes bidimensionales y tridimensionales de una propuesta de dise\u00f1o arquitect\u00f3nico. Nuestro objetivo es ilustrar una experiencia realista de c\u00f3mo se ver\u00e1 un espacio o edificio antes de que se construya, representando con precisi\u00f3n la intenci\u00f3n del dise\u00f1o.<\/p><\/div><\/div>\t\t\t\t<\/div>\n\t\t\t\t<\/div>\n\t\t\t\t\t<\/div>\n\t\t<\/div>\n\t\t\t\t\t<\/div>\n\t\t<\/section>\n\t\t\t\t<section class=\"elementor-section elementor-top-section elementor-element elementor-element-70c8c8c elementor-section-boxed elementor-section-height-default elementor-section-height-default\" data-id=\"70c8c8c\" data-element_type=\"section\" data-settings=\"{&quot;background_background&quot;:&quot;classic&quot;}\">\n\t\t\t\t\t\t<div class=\"elementor-container elementor-column-gap-default\">\n\t\t\t\t\t<div class=\"elementor-column elementor-col-100 elementor-top-column elementor-element elementor-element-3138379\" data-id=\"3138379\" data-element_type=\"column\">\n\t\t\t<div class=\"elementor-widget-wrap elementor-element-populated\">\n\t\t\t\t\t\t<div class=\"elementor-element elementor-element-b4e1b36 elementor-widget elementor-widget-heading\" data-id=\"b4e1b36\" data-element_type=\"widget\" data-widget_type=\"heading.default\">\n\t\t\t\t<div class=\"elementor-widget-container\">\n\t\t\t\t\t<h1 class=\"elementor-heading-title elementor-size-default\">LA ARQUITECTURA ES EL ARTE DE GASTAR EL ESPACIO<\/h1>\t\t\t\t<\/div>\n\t\t\t\t<\/div>\n\t\t\t\t\t<\/div>\n\t\t<\/div>\n\t\t\t\t\t<\/div>\n\t\t<\/section>\n\t\t\t\t<\/div>","protected":false},"excerpt":{"rendered":"<p>ABOUT SERVICES Welcome to Arquivent Creative We are a team of professionals in architectural and engineering whose objetives is to provide our clients with the most suitable and practical advice and help, this providing the best solutions that adapt to the particular needs of each one; carrying out each project in an integral way, from &hellip;<\/p>\n<p class=\"read-more\"> <a class=\"\" href=\"https:\/\/arquiventcreative.com\/es\/about-services\/\"> <span class=\"screen-reader-text\">Nuestros Servicios<\/span> Leer m\u00e1s &raquo;<\/a><\/p>","protected":false},"author":1,"featured_media":0,"parent":0,"menu_order":0,"comment_status":"closed","ping_status":"closed","template":"","meta":{"site-sidebar-layout":"no-sidebar","site-content-layout":"page-builder","ast-global-header-display":"","ast-main-header-display":"","ast-hfb-above-header-display":"","ast-hfb-below-header-display":"","ast-hfb-mobile-header-display":"","site-post-title":"disabled","ast-breadcrumbs-content":"","ast-featured-img":"","footer-sml-layout":"","theme-transparent-header-meta":"enabled","adv-header-id-meta":"","stick-header-meta":"","header-above-stick-meta":"","header-main-stick-meta":"","header-below-stick-meta":"","footnotes":""},"class_list":["post-31","page","type-page","status-publish","hentry"],"aioseo_notices":[],"jetpack_sharing_enabled":true,"_links":{"self":[{"href":"https:\/\/arquiventcreative.com\/es\/wp-json\/wp\/v2\/pages\/31","targetHints":{"allow":["GET"]}}],"collection":[{"href":"https:\/\/arquiventcreative.com\/es\/wp-json\/wp\/v2\/pages"}],"about":[{"href":"https:\/\/arquiventcreative.com\/es\/wp-json\/wp\/v2\/types\/page"}],"author":[{"embeddable":true,"href":"https:\/\/arquiventcreative.com\/es\/wp-json\/wp\/v2\/users\/1"}],"replies":[{"embeddable":true,"href":"https:\/\/arquiventcreative.com\/es\/wp-json\/wp\/v2\/comments?post=31"}],"version-history":[{"count":89,"href":"https:\/\/arquiventcreative.com\/es\/wp-json\/wp\/v2\/pages\/31\/revisions"}],"predecessor-version":[{"id":1319,"href":"https:\/\/arquiventcreative.com\/es\/wp-json\/wp\/v2\/pages\/31\/revisions\/1319"}],"wp:attachment":[{"href":"https:\/\/arquiventcreative.com\/es\/wp-json\/wp\/v2\/media?parent=31"}],"curies":[{"name":"wp","href":"https:\/\/api.w.org\/{rel}","templated":true}]}}