{"id":1038,"date":"2022-11-28T20:26:05","date_gmt":"2022-11-28T20:26:05","guid":{"rendered":"https:\/\/arquiventcreative.com\/?page_id=1038"},"modified":"2022-12-08T00:45:03","modified_gmt":"2022-12-08T00:45:03","slug":"exterior-design","status":"publish","type":"page","link":"https:\/\/arquiventcreative.com\/es\/exterior-design\/","title":{"rendered":"Dise\u00f1o Exterior"},"content":{"rendered":"<div data-elementor-type=\"wp-page\" data-elementor-id=\"1038\" class=\"elementor elementor-1038\">\n\t\t\t\t\t\t<section class=\"elementor-section elementor-top-section elementor-element elementor-element-6626369a elementor-section-boxed elementor-section-height-default elementor-section-height-default\" data-id=\"6626369a\" data-element_type=\"section\" data-settings=\"{&quot;background_background&quot;:&quot;classic&quot;}\">\n\t\t\t\t\t\t\t<div class=\"elementor-background-overlay\"><\/div>\n\t\t\t\t\t\t\t<div class=\"elementor-container elementor-column-gap-default\">\n\t\t\t\t\t<div class=\"elementor-column elementor-col-100 elementor-top-column elementor-element elementor-element-635f1dc7\" data-id=\"635f1dc7\" data-element_type=\"column\">\n\t\t\t<div class=\"elementor-widget-wrap elementor-element-populated\">\n\t\t\t\t\t\t<div class=\"elementor-element elementor-element-669187b6 elementor-widget elementor-widget-heading\" data-id=\"669187b6\" data-element_type=\"widget\" data-widget_type=\"heading.default\">\n\t\t\t\t<div class=\"elementor-widget-container\">\n\t\t\t\t\t<h1 class=\"elementor-heading-title elementor-size-default\">DISE\u00d1O EXTERIOR<\/h1>\t\t\t\t<\/div>\n\t\t\t\t<\/div>\n\t\t\t\t\t<\/div>\n\t\t<\/div>\n\t\t\t\t\t<\/div>\n\t\t<\/section>\n\t\t\t\t<section class=\"elementor-section elementor-top-section elementor-element elementor-element-4cc42ff7 elementor-section-boxed elementor-section-height-default elementor-section-height-default\" data-id=\"4cc42ff7\" data-element_type=\"section\">\n\t\t\t\t\t\t<div class=\"elementor-container elementor-column-gap-default\">\n\t\t\t\t\t<div class=\"elementor-column elementor-col-100 elementor-top-column elementor-element elementor-element-2fd7e607\" data-id=\"2fd7e607\" data-element_type=\"column\">\n\t\t\t<div class=\"elementor-widget-wrap elementor-element-populated\">\n\t\t\t\t\t\t<section class=\"elementor-section elementor-inner-section elementor-element elementor-element-326e92 elementor-section-boxed elementor-section-height-default elementor-section-height-default\" data-id=\"326e92\" data-element_type=\"section\">\n\t\t\t\t\t\t<div class=\"elementor-container elementor-column-gap-default\">\n\t\t\t\t\t<div class=\"elementor-column elementor-col-50 elementor-inner-column elementor-element elementor-element-23d3291f\" data-id=\"23d3291f\" data-element_type=\"column\">\n\t\t\t<div class=\"elementor-widget-wrap elementor-element-populated\">\n\t\t\t\t\t\t<div class=\"elementor-element elementor-element-4693bc33 elementor-widget elementor-widget-image\" data-id=\"4693bc33\" data-element_type=\"widget\" data-widget_type=\"image.default\">\n\t\t\t\t<div class=\"elementor-widget-container\">\n\t\t\t\t\t\t\t\t\t\t\t\t\t\t\t<img fetchpriority=\"high\" decoding=\"async\" width=\"1000\" height=\"1000\" src=\"https:\/\/arquiventcreative.com\/wp-content\/uploads\/2022\/10\/Chaney-House-01.jpg\" class=\"attachment-large size-large wp-image-600\" alt=\"\" srcset=\"https:\/\/arquiventcreative.com\/wp-content\/uploads\/2022\/10\/Chaney-House-01.jpg 1000w, https:\/\/arquiventcreative.com\/wp-content\/uploads\/2022\/10\/Chaney-House-01-300x300.jpg 300w, https:\/\/arquiventcreative.com\/wp-content\/uploads\/2022\/10\/Chaney-House-01-150x150.jpg 150w, https:\/\/arquiventcreative.com\/wp-content\/uploads\/2022\/10\/Chaney-House-01-768x768.jpg 768w\" sizes=\"(max-width: 1000px) 100vw, 1000px\" \/>\t\t\t\t\t\t\t\t\t\t\t\t\t\t\t<\/div>\n\t\t\t\t<\/div>\n\t\t\t\t\t<\/div>\n\t\t<\/div>\n\t\t\t\t<div class=\"elementor-column elementor-col-50 elementor-inner-column elementor-element elementor-element-797d44f7\" data-id=\"797d44f7\" data-element_type=\"column\">\n\t\t\t<div class=\"elementor-widget-wrap elementor-element-populated\">\n\t\t\t\t\t\t<div class=\"elementor-element elementor-element-75fa1fd elementor-widget elementor-widget-heading\" data-id=\"75fa1fd\" data-element_type=\"widget\" data-widget_type=\"heading.default\">\n\t\t\t\t<div class=\"elementor-widget-container\">\n\t\t\t\t\t<div class=\"elementor-heading-title elementor-size-default\">Todo se trata de Arquitectura<\/div>\t\t\t\t<\/div>\n\t\t\t\t<\/div>\n\t\t\t\t<div class=\"elementor-element elementor-element-1c23ea13 elementor-widget elementor-widget-text-editor\" data-id=\"1c23ea13\" data-element_type=\"widget\" data-widget_type=\"text-editor.default\">\n\t\t\t\t<div class=\"elementor-widget-container\">\n\t\t\t\t\t\t\t\t\t<p>Ayudamos a nuestros clientes a potenciar el espacio exterior y generar ideas llenas de creatividad enfocadas a sus necesidades, obteniendo una nueva estancia donde se sientan c\u00f3modos y con bienestar.<\/p><p>Creamos dise\u00f1os exteriores integrales, desde peque\u00f1os patios hasta grandes \u00e1reas exteriores y piscinas.<\/p>\t\t\t\t\t\t\t\t<\/div>\n\t\t\t\t<\/div>\n\t\t\t\t\t<\/div>\n\t\t<\/div>\n\t\t\t\t\t<\/div>\n\t\t<\/section>\n\t\t\t\t\t<\/div>\n\t\t<\/div>\n\t\t\t\t\t<\/div>\n\t\t<\/section>\n\t\t\t\t<section class=\"elementor-section elementor-top-section elementor-element elementor-element-36c25466 elementor-section-boxed elementor-section-height-default elementor-section-height-default\" data-id=\"36c25466\" data-element_type=\"section\" data-settings=\"{&quot;background_background&quot;:&quot;gradient&quot;,&quot;shape_divider_top&quot;:&quot;mountains&quot;}\">\n\t\t\t\t\t<div class=\"elementor-shape elementor-shape-top\" aria-hidden=\"true\" data-negative=\"false\">\n\t\t\t<svg xmlns=\"http:\/\/www.w3.org\/2000\/svg\" viewbox=\"0 0 1000 100\" preserveaspectratio=\"none\">\n\t<path class=\"elementor-shape-fill\" opacity=\"0.33\" d=\"M473,67.3c-203.9,88.3-263.1-34-320.3,0C66,119.1,0,59.7,0,59.7V0h1000v59.7 c0,0-62.1,26.1-94.9,29.3c-32.8,3.3-62.8-12.3-75.8-22.1C806,49.6,745.3,8.7,694.9,4.7S492.4,59,473,67.3z\"\/>\n\t<path class=\"elementor-shape-fill\" opacity=\"0.66\" d=\"M734,67.3c-45.5,0-77.2-23.2-129.1-39.1c-28.6-8.7-150.3-10.1-254,39.1 s-91.7-34.4-149.2,0C115.7,118.3,0,39.8,0,39.8V0h1000v36.5c0,0-28.2-18.5-92.1-18.5C810.2,18.1,775.7,67.3,734,67.3z\"\/>\n\t<path class=\"elementor-shape-fill\" d=\"M766.1,28.9c-200-57.5-266,65.5-395.1,19.5C242,1.8,242,5.4,184.8,20.6C128,35.8,132.3,44.9,89.9,52.5C28.6,63.7,0,0,0,0 h1000c0,0-9.9,40.9-83.6,48.1S829.6,47,766.1,28.9z\"\/>\n<\/svg>\t\t<\/div>\n\t\t\t\t\t<div class=\"elementor-container elementor-column-gap-default\">\n\t\t\t\t\t<div class=\"elementor-column elementor-col-100 elementor-top-column elementor-element elementor-element-4e1709c7\" data-id=\"4e1709c7\" data-element_type=\"column\">\n\t\t\t<div class=\"elementor-widget-wrap elementor-element-populated\">\n\t\t\t\t\t\t<div class=\"elementor-element elementor-element-3a3097dc elementor-widget elementor-widget-heading\" data-id=\"3a3097dc\" data-element_type=\"widget\" data-widget_type=\"heading.default\">\n\t\t\t\t<div class=\"elementor-widget-container\">\n\t\t\t\t\t<div class=\"elementor-heading-title elementor-size-default\">Conoce nuestros Proyectos<\/div>\t\t\t\t<\/div>\n\t\t\t\t<\/div>\n\t\t\t\t\t<\/div>\n\t\t<\/div>\n\t\t\t\t\t<\/div>\n\t\t<\/section>\n\t\t\t\t<section class=\"elementor-section elementor-top-section elementor-element elementor-element-467ad661 elementor-section-boxed elementor-section-height-default elementor-section-height-default\" data-id=\"467ad661\" data-element_type=\"section\">\n\t\t\t\t\t\t<div class=\"elementor-container elementor-column-gap-default\">\n\t\t\t\t\t<div class=\"elementor-column elementor-col-100 elementor-top-column elementor-element elementor-element-55e985b\" data-id=\"55e985b\" data-element_type=\"column\">\n\t\t\t<div class=\"elementor-widget-wrap elementor-element-populated\">\n\t\t\t\t\t\t<section class=\"elementor-section elementor-inner-section elementor-element elementor-element-2e07e3c5 elementor-section-boxed elementor-section-height-default elementor-section-height-default\" data-id=\"2e07e3c5\" data-element_type=\"section\">\n\t\t\t\t\t\t<div class=\"elementor-container elementor-column-gap-default\">\n\t\t\t\t\t<div class=\"elementor-column elementor-col-33 elementor-inner-column elementor-element elementor-element-146200bf\" data-id=\"146200bf\" data-element_type=\"column\">\n\t\t\t<div class=\"elementor-widget-wrap elementor-element-populated\">\n\t\t\t\t\t\t<div class=\"elementor-element elementor-element-c9a5012 elementor-widget elementor-widget-image-carousel\" data-id=\"c9a5012\" data-element_type=\"widget\" data-settings=\"{&quot;slides_to_show&quot;:&quot;1&quot;,&quot;navigation&quot;:&quot;none&quot;,&quot;autoplay&quot;:&quot;no&quot;,&quot;infinite&quot;:&quot;no&quot;,&quot;effect&quot;:&quot;slide&quot;,&quot;speed&quot;:500}\" data-widget_type=\"image-carousel.default\">\n\t\t\t\t<div class=\"elementor-widget-container\">\n\t\t\t\t\t\t\t<div class=\"elementor-image-carousel-wrapper swiper\" role=\"region\" aria-roledescription=\"carousel\" aria-label=\"Carrusel de Im\u00e1genes\" dir=\"ltr\">\n\t\t\t<div class=\"elementor-image-carousel swiper-wrapper\" aria-live=\"polite\">\n\t\t\t\t\t\t\t\t<div class=\"swiper-slide\" role=\"group\" aria-roledescription=\"slide\" aria-label=\"1 de 9\"><a data-elementor-open-lightbox=\"yes\" data-elementor-lightbox-slideshow=\"c9a5012\" data-elementor-lightbox-title=\"Palmdale 01\" data-e-action-hash=\"#elementor-action%3Aaction%3Dlightbox%26settings%3DeyJpZCI6MTIzNSwidXJsIjoiaHR0cHM6XC9cL2FycXVpdmVudGNyZWF0aXZlLmNvbVwvd3AtY29udGVudFwvdXBsb2Fkc1wvMjAyMlwvMTJcL1BhbG1kYWxlLTAxLmpwZyIsInNsaWRlc2hvdyI6ImM5YTUwMTIifQ%3D%3D\" href=\"https:\/\/arquiventcreative.com\/wp-content\/uploads\/2022\/12\/Palmdale-01.jpg\"><figure class=\"swiper-slide-inner\"><img decoding=\"async\" class=\"swiper-slide-image\" src=\"https:\/\/arquiventcreative.com\/wp-content\/uploads\/2022\/12\/Palmdale-01-768x768.jpg\" alt=\"Palmdale 01\" \/><\/figure><\/a><\/div><div class=\"swiper-slide\" role=\"group\" aria-roledescription=\"slide\" aria-label=\"2 de 9\"><a data-elementor-open-lightbox=\"yes\" data-elementor-lightbox-slideshow=\"c9a5012\" data-elementor-lightbox-title=\"Palmdale 02\" data-e-action-hash=\"#elementor-action%3Aaction%3Dlightbox%26settings%3DeyJpZCI6MTIzNiwidXJsIjoiaHR0cHM6XC9cL2FycXVpdmVudGNyZWF0aXZlLmNvbVwvd3AtY29udGVudFwvdXBsb2Fkc1wvMjAyMlwvMTJcL1BhbG1kYWxlLTAyLmpwZyIsInNsaWRlc2hvdyI6ImM5YTUwMTIifQ%3D%3D\" href=\"https:\/\/arquiventcreative.com\/wp-content\/uploads\/2022\/12\/Palmdale-02.jpg\"><figure class=\"swiper-slide-inner\"><img decoding=\"async\" class=\"swiper-slide-image\" src=\"https:\/\/arquiventcreative.com\/wp-content\/uploads\/2022\/12\/Palmdale-02-768x768.jpg\" alt=\"Palmdale 02\" \/><\/figure><\/a><\/div><div class=\"swiper-slide\" role=\"group\" aria-roledescription=\"slide\" aria-label=\"3 de 9\"><a data-elementor-open-lightbox=\"yes\" data-elementor-lightbox-slideshow=\"c9a5012\" data-elementor-lightbox-title=\"Palmdale 03\" data-e-action-hash=\"#elementor-action%3Aaction%3Dlightbox%26settings%3DeyJpZCI6MTIzNywidXJsIjoiaHR0cHM6XC9cL2FycXVpdmVudGNyZWF0aXZlLmNvbVwvd3AtY29udGVudFwvdXBsb2Fkc1wvMjAyMlwvMTJcL1BhbG1kYWxlLTAzLmpwZyIsInNsaWRlc2hvdyI6ImM5YTUwMTIifQ%3D%3D\" href=\"https:\/\/arquiventcreative.com\/wp-content\/uploads\/2022\/12\/Palmdale-03.jpg\"><figure class=\"swiper-slide-inner\"><img decoding=\"async\" class=\"swiper-slide-image\" src=\"https:\/\/arquiventcreative.com\/wp-content\/uploads\/2022\/12\/Palmdale-03-768x768.jpg\" alt=\"Palmdale 03\" \/><\/figure><\/a><\/div><div class=\"swiper-slide\" role=\"group\" aria-roledescription=\"slide\" aria-label=\"4 de 9\"><a data-elementor-open-lightbox=\"yes\" data-elementor-lightbox-slideshow=\"c9a5012\" data-elementor-lightbox-title=\"Palmdale 04\" data-e-action-hash=\"#elementor-action%3Aaction%3Dlightbox%26settings%3DeyJpZCI6MTIzOCwidXJsIjoiaHR0cHM6XC9cL2FycXVpdmVudGNyZWF0aXZlLmNvbVwvd3AtY29udGVudFwvdXBsb2Fkc1wvMjAyMlwvMTJcL1BhbG1kYWxlLTA0LmpwZyIsInNsaWRlc2hvdyI6ImM5YTUwMTIifQ%3D%3D\" href=\"https:\/\/arquiventcreative.com\/wp-content\/uploads\/2022\/12\/Palmdale-04.jpg\"><figure class=\"swiper-slide-inner\"><img decoding=\"async\" class=\"swiper-slide-image\" src=\"https:\/\/arquiventcreative.com\/wp-content\/uploads\/2022\/12\/Palmdale-04-768x768.jpg\" alt=\"Palmdale 04\" \/><\/figure><\/a><\/div><div class=\"swiper-slide\" role=\"group\" aria-roledescription=\"slide\" aria-label=\"5 de 9\"><a data-elementor-open-lightbox=\"yes\" data-elementor-lightbox-slideshow=\"c9a5012\" data-elementor-lightbox-title=\"Palmdale 05\" data-e-action-hash=\"#elementor-action%3Aaction%3Dlightbox%26settings%3DeyJpZCI6MTIzOSwidXJsIjoiaHR0cHM6XC9cL2FycXVpdmVudGNyZWF0aXZlLmNvbVwvd3AtY29udGVudFwvdXBsb2Fkc1wvMjAyMlwvMTJcL1BhbG1kYWxlLTA1LmpwZyIsInNsaWRlc2hvdyI6ImM5YTUwMTIifQ%3D%3D\" href=\"https:\/\/arquiventcreative.com\/wp-content\/uploads\/2022\/12\/Palmdale-05.jpg\"><figure class=\"swiper-slide-inner\"><img decoding=\"async\" class=\"swiper-slide-image\" src=\"https:\/\/arquiventcreative.com\/wp-content\/uploads\/2022\/12\/Palmdale-05-768x768.jpg\" alt=\"Palmdale 05\" \/><\/figure><\/a><\/div><div class=\"swiper-slide\" role=\"group\" aria-roledescription=\"slide\" aria-label=\"6 de 9\"><a data-elementor-open-lightbox=\"yes\" data-elementor-lightbox-slideshow=\"c9a5012\" data-elementor-lightbox-title=\"Palmdale 06\" data-e-action-hash=\"#elementor-action%3Aaction%3Dlightbox%26settings%3DeyJpZCI6MTI0MCwidXJsIjoiaHR0cHM6XC9cL2FycXVpdmVudGNyZWF0aXZlLmNvbVwvd3AtY29udGVudFwvdXBsb2Fkc1wvMjAyMlwvMTJcL1BhbG1kYWxlLTA2LmpwZyIsInNsaWRlc2hvdyI6ImM5YTUwMTIifQ%3D%3D\" href=\"https:\/\/arquiventcreative.com\/wp-content\/uploads\/2022\/12\/Palmdale-06.jpg\"><figure class=\"swiper-slide-inner\"><img decoding=\"async\" class=\"swiper-slide-image\" src=\"https:\/\/arquiventcreative.com\/wp-content\/uploads\/2022\/12\/Palmdale-06-768x768.jpg\" alt=\"Palmdale 06\" \/><\/figure><\/a><\/div><div class=\"swiper-slide\" role=\"group\" aria-roledescription=\"slide\" aria-label=\"7 de 9\"><a data-elementor-open-lightbox=\"yes\" data-elementor-lightbox-slideshow=\"c9a5012\" data-elementor-lightbox-title=\"Palmdale 07\" data-e-action-hash=\"#elementor-action%3Aaction%3Dlightbox%26settings%3DeyJpZCI6MTI0MSwidXJsIjoiaHR0cHM6XC9cL2FycXVpdmVudGNyZWF0aXZlLmNvbVwvd3AtY29udGVudFwvdXBsb2Fkc1wvMjAyMlwvMTJcL1BhbG1kYWxlLTA3LmpwZyIsInNsaWRlc2hvdyI6ImM5YTUwMTIifQ%3D%3D\" href=\"https:\/\/arquiventcreative.com\/wp-content\/uploads\/2022\/12\/Palmdale-07.jpg\"><figure class=\"swiper-slide-inner\"><img decoding=\"async\" class=\"swiper-slide-image\" src=\"https:\/\/arquiventcreative.com\/wp-content\/uploads\/2022\/12\/Palmdale-07-768x768.jpg\" alt=\"Palmdale 07\" \/><\/figure><\/a><\/div><div class=\"swiper-slide\" role=\"group\" aria-roledescription=\"slide\" aria-label=\"8 de 9\"><a data-elementor-open-lightbox=\"yes\" data-elementor-lightbox-slideshow=\"c9a5012\" data-elementor-lightbox-title=\"Palmdale 08\" data-e-action-hash=\"#elementor-action%3Aaction%3Dlightbox%26settings%3DeyJpZCI6MTI0MiwidXJsIjoiaHR0cHM6XC9cL2FycXVpdmVudGNyZWF0aXZlLmNvbVwvd3AtY29udGVudFwvdXBsb2Fkc1wvMjAyMlwvMTJcL1BhbG1kYWxlLTA4LmpwZyIsInNsaWRlc2hvdyI6ImM5YTUwMTIifQ%3D%3D\" href=\"https:\/\/arquiventcreative.com\/wp-content\/uploads\/2022\/12\/Palmdale-08.jpg\"><figure class=\"swiper-slide-inner\"><img decoding=\"async\" class=\"swiper-slide-image\" src=\"https:\/\/arquiventcreative.com\/wp-content\/uploads\/2022\/12\/Palmdale-08-768x768.jpg\" alt=\"Palmdale 08\" \/><\/figure><\/a><\/div><div class=\"swiper-slide\" role=\"group\" aria-roledescription=\"slide\" aria-label=\"9 de 9\"><a data-elementor-open-lightbox=\"yes\" data-elementor-lightbox-slideshow=\"c9a5012\" data-elementor-lightbox-title=\"Palmdale 09\" data-e-action-hash=\"#elementor-action%3Aaction%3Dlightbox%26settings%3DeyJpZCI6MTI0MywidXJsIjoiaHR0cHM6XC9cL2FycXVpdmVudGNyZWF0aXZlLmNvbVwvd3AtY29udGVudFwvdXBsb2Fkc1wvMjAyMlwvMTJcL1BhbG1kYWxlLTA5LmpwZyIsInNsaWRlc2hvdyI6ImM5YTUwMTIifQ%3D%3D\" href=\"https:\/\/arquiventcreative.com\/wp-content\/uploads\/2022\/12\/Palmdale-09.jpg\"><figure class=\"swiper-slide-inner\"><img decoding=\"async\" class=\"swiper-slide-image\" src=\"https:\/\/arquiventcreative.com\/wp-content\/uploads\/2022\/12\/Palmdale-09-768x768.jpg\" alt=\"Palmdale 09\" \/><\/figure><\/a><\/div>\t\t\t<\/div>\n\t\t\t\t\t\t\t\n\t\t\t\t\t\t\t\t\t<\/div>\n\t\t\t\t\t\t<\/div>\n\t\t\t\t<\/div>\n\t\t\t\t<div class=\"elementor-element elementor-element-5aab7461 elementor-widget elementor-widget-heading\" data-id=\"5aab7461\" data-element_type=\"widget\" data-widget_type=\"heading.default\">\n\t\t\t\t<div class=\"elementor-widget-container\">\n\t\t\t\t\t<div class=\"elementor-heading-title elementor-size-default\">Pool &amp; Spa<\/div>\t\t\t\t<\/div>\n\t\t\t\t<\/div>\n\t\t\t\t<div class=\"elementor-element elementor-element-7bebbee7 elementor-widget elementor-widget-heading\" data-id=\"7bebbee7\" data-element_type=\"widget\" data-widget_type=\"heading.default\">\n\t\t\t\t<div class=\"elementor-widget-container\">\n\t\t\t\t\t<div class=\"elementor-heading-title elementor-size-default\">LOS ANGELES, CA.<\/div>\t\t\t\t<\/div>\n\t\t\t\t<\/div>\n\t\t\t\t\t<\/div>\n\t\t<\/div>\n\t\t\t\t<div class=\"elementor-column elementor-col-33 elementor-inner-column elementor-element elementor-element-5b2feb0e\" data-id=\"5b2feb0e\" data-element_type=\"column\">\n\t\t\t<div class=\"elementor-widget-wrap\">\n\t\t\t\t\t\t\t<\/div>\n\t\t<\/div>\n\t\t\t\t<div class=\"elementor-column elementor-col-33 elementor-inner-column elementor-element elementor-element-3f412c3\" data-id=\"3f412c3\" data-element_type=\"column\">\n\t\t\t<div class=\"elementor-widget-wrap elementor-element-populated\">\n\t\t\t\t\t\t<div class=\"elementor-element elementor-element-4044956f elementor-widget elementor-widget-image-carousel\" data-id=\"4044956f\" data-element_type=\"widget\" data-settings=\"{&quot;slides_to_show&quot;:&quot;1&quot;,&quot;navigation&quot;:&quot;none&quot;,&quot;autoplay&quot;:&quot;no&quot;,&quot;infinite&quot;:&quot;no&quot;,&quot;effect&quot;:&quot;slide&quot;,&quot;speed&quot;:500}\" data-widget_type=\"image-carousel.default\">\n\t\t\t\t<div class=\"elementor-widget-container\">\n\t\t\t\t\t\t\t<div class=\"elementor-image-carousel-wrapper swiper\" role=\"region\" aria-roledescription=\"carousel\" aria-label=\"Carrusel de Im\u00e1genes\" dir=\"ltr\">\n\t\t\t<div class=\"elementor-image-carousel swiper-wrapper\" aria-live=\"polite\">\n\t\t\t\t\t\t\t\t<div class=\"swiper-slide\" role=\"group\" aria-roledescription=\"slide\" aria-label=\"1 de 5\"><a data-elementor-open-lightbox=\"yes\" data-elementor-lightbox-slideshow=\"4044956f\" data-elementor-lightbox-title=\"EXTERIOR DESIGN Palmdale04\" data-e-action-hash=\"#elementor-action%3Aaction%3Dlightbox%26settings%3DeyJpZCI6OTM4LCJ1cmwiOiJodHRwczpcL1wvYXJxdWl2ZW50Y3JlYXRpdmUuY29tXC93cC1jb250ZW50XC91cGxvYWRzXC8yMDIyXC8xMVwvRVhURVJJT1ItREVTSUdOLVBhbG1kYWxlMDQuanBnIiwic2xpZGVzaG93IjoiNDA0NDk1NmYifQ%3D%3D\" href=\"https:\/\/arquiventcreative.com\/wp-content\/uploads\/2022\/11\/EXTERIOR-DESIGN-Palmdale04.jpg\"><figure class=\"swiper-slide-inner\"><img decoding=\"async\" class=\"swiper-slide-image\" src=\"https:\/\/arquiventcreative.com\/wp-content\/uploads\/2022\/11\/EXTERIOR-DESIGN-Palmdale04-768x768.jpg\" alt=\"EXTERIOR DESIGN Palmdale04\" \/><\/figure><\/a><\/div><div class=\"swiper-slide\" role=\"group\" aria-roledescription=\"slide\" aria-label=\"2 de 5\"><a data-elementor-open-lightbox=\"yes\" data-elementor-lightbox-slideshow=\"4044956f\" data-elementor-lightbox-title=\"EXTERIOR DESIGN Palmdale01\" data-e-action-hash=\"#elementor-action%3Aaction%3Dlightbox%26settings%3DeyJpZCI6OTM1LCJ1cmwiOiJodHRwczpcL1wvYXJxdWl2ZW50Y3JlYXRpdmUuY29tXC93cC1jb250ZW50XC91cGxvYWRzXC8yMDIyXC8xMVwvRVhURVJJT1ItREVTSUdOLVBhbG1kYWxlMDEuanBnIiwic2xpZGVzaG93IjoiNDA0NDk1NmYifQ%3D%3D\" href=\"https:\/\/arquiventcreative.com\/wp-content\/uploads\/2022\/11\/EXTERIOR-DESIGN-Palmdale01.jpg\"><figure class=\"swiper-slide-inner\"><img decoding=\"async\" class=\"swiper-slide-image\" src=\"https:\/\/arquiventcreative.com\/wp-content\/uploads\/2022\/11\/EXTERIOR-DESIGN-Palmdale01-768x768.jpg\" alt=\"EXTERIOR DESIGN Palmdale01\" \/><\/figure><\/a><\/div><div class=\"swiper-slide\" role=\"group\" aria-roledescription=\"slide\" aria-label=\"3 de 5\"><a data-elementor-open-lightbox=\"yes\" data-elementor-lightbox-slideshow=\"4044956f\" data-elementor-lightbox-title=\"EXTERIOR DESIGN Palmdale02\" data-e-action-hash=\"#elementor-action%3Aaction%3Dlightbox%26settings%3DeyJpZCI6OTM2LCJ1cmwiOiJodHRwczpcL1wvYXJxdWl2ZW50Y3JlYXRpdmUuY29tXC93cC1jb250ZW50XC91cGxvYWRzXC8yMDIyXC8xMVwvRVhURVJJT1ItREVTSUdOLVBhbG1kYWxlMDIuanBnIiwic2xpZGVzaG93IjoiNDA0NDk1NmYifQ%3D%3D\" href=\"https:\/\/arquiventcreative.com\/wp-content\/uploads\/2022\/11\/EXTERIOR-DESIGN-Palmdale02.jpg\"><figure class=\"swiper-slide-inner\"><img decoding=\"async\" class=\"swiper-slide-image\" src=\"https:\/\/arquiventcreative.com\/wp-content\/uploads\/2022\/11\/EXTERIOR-DESIGN-Palmdale02-768x768.jpg\" alt=\"EXTERIOR DESIGN Palmdale02\" \/><\/figure><\/a><\/div><div class=\"swiper-slide\" role=\"group\" aria-roledescription=\"slide\" aria-label=\"4 de 5\"><a data-elementor-open-lightbox=\"yes\" data-elementor-lightbox-slideshow=\"4044956f\" data-elementor-lightbox-title=\"EXTERIOR DESIGN Palmdale03\" data-e-action-hash=\"#elementor-action%3Aaction%3Dlightbox%26settings%3DeyJpZCI6OTM3LCJ1cmwiOiJodHRwczpcL1wvYXJxdWl2ZW50Y3JlYXRpdmUuY29tXC93cC1jb250ZW50XC91cGxvYWRzXC8yMDIyXC8xMVwvRVhURVJJT1ItREVTSUdOLVBhbG1kYWxlMDMuanBnIiwic2xpZGVzaG93IjoiNDA0NDk1NmYifQ%3D%3D\" href=\"https:\/\/arquiventcreative.com\/wp-content\/uploads\/2022\/11\/EXTERIOR-DESIGN-Palmdale03.jpg\"><figure class=\"swiper-slide-inner\"><img decoding=\"async\" class=\"swiper-slide-image\" src=\"https:\/\/arquiventcreative.com\/wp-content\/uploads\/2022\/11\/EXTERIOR-DESIGN-Palmdale03-768x768.jpg\" alt=\"EXTERIOR DESIGN Palmdale03\" \/><\/figure><\/a><\/div><div class=\"swiper-slide\" role=\"group\" aria-roledescription=\"slide\" aria-label=\"5 de 5\"><a data-elementor-open-lightbox=\"yes\" data-elementor-lightbox-slideshow=\"4044956f\" data-elementor-lightbox-title=\"EXTERIOR DESIGN Palmdale05\" data-e-action-hash=\"#elementor-action%3Aaction%3Dlightbox%26settings%3DeyJpZCI6MTEyNiwidXJsIjoiaHR0cHM6XC9cL2FycXVpdmVudGNyZWF0aXZlLmNvbVwvd3AtY29udGVudFwvdXBsb2Fkc1wvMjAyMlwvMTFcL0VYVEVSSU9SLURFU0lHTi1QYWxtZGFsZTA1LmpwZyIsInNsaWRlc2hvdyI6IjQwNDQ5NTZmIn0%3D\" href=\"https:\/\/arquiventcreative.com\/wp-content\/uploads\/2022\/11\/EXTERIOR-DESIGN-Palmdale05.jpg\"><figure class=\"swiper-slide-inner\"><img decoding=\"async\" class=\"swiper-slide-image\" src=\"https:\/\/arquiventcreative.com\/wp-content\/uploads\/2022\/11\/EXTERIOR-DESIGN-Palmdale05-768x768.jpg\" alt=\"EXTERIOR DESIGN Palmdale05\" \/><\/figure><\/a><\/div>\t\t\t<\/div>\n\t\t\t\t\t\t\t\n\t\t\t\t\t\t\t\t\t<\/div>\n\t\t\t\t\t\t<\/div>\n\t\t\t\t<\/div>\n\t\t\t\t<div class=\"elementor-element elementor-element-246ce7d8 elementor-widget elementor-widget-heading\" data-id=\"246ce7d8\" data-element_type=\"widget\" data-widget_type=\"heading.default\">\n\t\t\t\t<div class=\"elementor-widget-container\">\n\t\t\t\t\t<div class=\"elementor-heading-title elementor-size-default\">Dise\u00f1o Exterior<\/div>\t\t\t\t<\/div>\n\t\t\t\t<\/div>\n\t\t\t\t<div class=\"elementor-element elementor-element-408362a5 elementor-widget elementor-widget-heading\" data-id=\"408362a5\" data-element_type=\"widget\" data-widget_type=\"heading.default\">\n\t\t\t\t<div class=\"elementor-widget-container\">\n\t\t\t\t\t<div class=\"elementor-heading-title elementor-size-default\">PALMDALE, CA.<\/div>\t\t\t\t<\/div>\n\t\t\t\t<\/div>\n\t\t\t\t\t<\/div>\n\t\t<\/div>\n\t\t\t\t\t<\/div>\n\t\t<\/section>\n\t\t\t\t<div class=\"elementor-element elementor-element-698976cd elementor-widget elementor-widget-spacer\" data-id=\"698976cd\" data-element_type=\"widget\" data-widget_type=\"spacer.default\">\n\t\t\t\t<div class=\"elementor-widget-container\">\n\t\t\t\t\t\t\t<div class=\"elementor-spacer\">\n\t\t\t<div class=\"elementor-spacer-inner\"><\/div>\n\t\t<\/div>\n\t\t\t\t\t\t<\/div>\n\t\t\t\t<\/div>\n\t\t\t\t<div class=\"elementor-element elementor-element-4c3208b2 elementor-widget elementor-widget-spacer\" data-id=\"4c3208b2\" data-element_type=\"widget\" data-widget_type=\"spacer.default\">\n\t\t\t\t<div class=\"elementor-widget-container\">\n\t\t\t\t\t\t\t<div class=\"elementor-spacer\">\n\t\t\t<div class=\"elementor-spacer-inner\"><\/div>\n\t\t<\/div>\n\t\t\t\t\t\t<\/div>\n\t\t\t\t<\/div>\n\t\t\t\t\t<\/div>\n\t\t<\/div>\n\t\t\t\t\t<\/div>\n\t\t<\/section>\n\t\t\t\t<\/div>","protected":false},"excerpt":{"rendered":"<p>EXTERIOR DESIGN It&#8217;s all about architecture We help our clients to enhance the outdoor space and generate ideas full of creativity focused on their needs, obtaining a new room where they feel comfortable and well-being. We create comprehensive exterior designs, from small patios to large outdoor areas and swimming pools. Meet our Projects Pool &#038; &hellip;<\/p>\n<p class=\"read-more\"> <a class=\"\" href=\"https:\/\/arquiventcreative.com\/es\/exterior-design\/\"> <span class=\"screen-reader-text\">Dise\u00f1o Exterior<\/span> Leer m\u00e1s &raquo;<\/a><\/p>","protected":false},"author":1,"featured_media":0,"parent":0,"menu_order":0,"comment_status":"closed","ping_status":"closed","template":"","meta":{"site-sidebar-layout":"no-sidebar","site-content-layout":"page-builder","ast-global-header-display":"","ast-main-header-display":"","ast-hfb-above-header-display":"","ast-hfb-below-header-display":"","ast-hfb-mobile-header-display":"","site-post-title":"disabled","ast-breadcrumbs-content":"","ast-featured-img":"disabled","footer-sml-layout":"","theme-transparent-header-meta":"","adv-header-id-meta":"","stick-header-meta":"","header-above-stick-meta":"","header-main-stick-meta":"","header-below-stick-meta":"","footnotes":""},"class_list":["post-1038","page","type-page","status-publish","hentry"],"aioseo_notices":[],"jetpack_sharing_enabled":true,"_links":{"self":[{"href":"https:\/\/arquiventcreative.com\/es\/wp-json\/wp\/v2\/pages\/1038","targetHints":{"allow":["GET"]}}],"collection":[{"href":"https:\/\/arquiventcreative.com\/es\/wp-json\/wp\/v2\/pages"}],"about":[{"href":"https:\/\/arquiventcreative.com\/es\/wp-json\/wp\/v2\/types\/page"}],"author":[{"embeddable":true,"href":"https:\/\/arquiventcreative.com\/es\/wp-json\/wp\/v2\/users\/1"}],"replies":[{"embeddable":true,"href":"https:\/\/arquiventcreative.com\/es\/wp-json\/wp\/v2\/comments?post=1038"}],"version-history":[{"count":25,"href":"https:\/\/arquiventcreative.com\/es\/wp-json\/wp\/v2\/pages\/1038\/revisions"}],"predecessor-version":[{"id":1304,"href":"https:\/\/arquiventcreative.com\/es\/wp-json\/wp\/v2\/pages\/1038\/revisions\/1304"}],"wp:attachment":[{"href":"https:\/\/arquiventcreative.com\/es\/wp-json\/wp\/v2\/media?parent=1038"}],"curies":[{"name":"wp","href":"https:\/\/api.w.org\/{rel}","templated":true}]}}